{"id":1992,"date":"2026-01-07T12:56:09","date_gmt":"2026-01-07T12:56:09","guid":{"rendered":"https:\/\/barva.org\/en\/?page_id=1992"},"modified":"2026-01-29T17:52:07","modified_gmt":"2026-01-29T17:52:07","slug":"misyon-ve-vizyon","status":"publish","type":"page","link":"https:\/\/barva.org\/en\/misyon-ve-vizyon\/","title":{"rendered":"Misyon ve Vizyon"},"content":{"rendered":"\t\t<div data-elementor-type=\"wp-page\" data-elementor-id=\"1992\" class=\"elementor elementor-1992\" data-elementor-post-type=\"page\">\n\t\t\t\t<div class=\"elementor-element elementor-element-237fec5 e-flex e-con-boxed e-con e-parent\" data-id=\"237fec5\" data-element_type=\"container\">\n\t\t\t\t\t<div class=\"e-con-inner\">\n\t\t\t\t<div class=\"elementor-element elementor-element-4141938 elementor-widget elementor-widget-text-editor\" data-id=\"4141938\" data-element_type=\"widget\" data-widget_type=\"text-editor.default\">\n\t\t\t\t\t\t\t\t\t<h2 data-start=\"346\" data-end=\"567\">\u041d\u0430\u0448\u0430 \u043c\u0438\u0441\u0441\u0438\u044f<\/h2>\n<p data-start=\"346\" data-end=\"567\"><a href=\"https:\/\/barva.com.tr\/tedarik-zincir-yonetimi\/\" rel=\"noopener\">\u041c\u0438\u0441\u0441\u0438\u044f Barva International Trade<\/a> \u2014 \u0441\u043e\u0437\u0434\u0430\u0432\u0430\u0442\u044c <strong data-start=\"504\" data-end=\"553\">\u043d\u0430\u0434\u0435\u0436\u043d\u044b\u0435, \u0438\u043d\u0442\u0435\u0433\u0440\u0438\u0440\u043e\u0432\u0430\u043d\u043d\u044b\u0435 \u0438 \u0443\u0441\u0442\u043e\u0439\u0447\u0438\u0432\u044b\u0435 \u0440\u0435\u0448\u0435\u043d\u0438\u044f<\/strong> \u0432\u043e \u0432\u0441\u0435\u0445 \u043f\u0440\u043e\u0446\u0435\u0441\u0441\u0430\u0445 \u0441\u0432\u043e\u0435\u0439 \u0434\u0435\u044f\u0442\u0435\u043b\u044c\u043d\u043e\u0441\u0442\u0438 \u0432 \u0441\u0444\u0435\u0440\u0430\u0445 \u044d\u043d\u0435\u0440\u0433\u0435\u0442\u0438\u043a\u0438, \u0438\u043d\u0436\u0435\u043d\u0435\u0440\u0438\u0438, \u043f\u0440\u043e\u043c\u044b\u0448\u043b\u0435\u043d\u043d\u043e\u0441\u0442\u0438, \u043b\u043e\u0433\u0438\u0441\u0442\u0438\u043a\u0438, \u0438\u043d\u0432\u0435\u0441\u0442\u0438\u0446\u0438\u0439 \u0438 \u043c\u0435\u0436\u0434\u0443\u043d\u0430\u0440\u043e\u0434\u043d\u043e\u0439 \u0442\u043e\u0440\u0433\u043e\u0432\u043b\u0438.<\/p>\n<p data-start=\"569\" data-end=\"779\">\u041c\u044b \u0440\u0430\u0441\u0441\u043c\u0430\u0442\u0440\u0438\u0432\u0430\u0435\u043c \u043a\u043e\u043c\u043c\u0435\u0440\u0447\u0435\u0441\u043a\u0443\u044e \u0434\u0435\u044f\u0442\u0435\u043b\u044c\u043d\u043e\u0441\u0442\u044c \u043d\u0435 \u043f\u0440\u043e\u0441\u0442\u043e \u043a\u0430\u043a \u043f\u0440\u0435\u0434\u043b\u043e\u0436\u0435\u043d\u0438\u0435 \u043f\u0440\u043e\u0434\u0443\u043a\u0442\u043e\u0432 \u0438 \u0443\u0441\u043b\u0443\u0433, \u0430 \u043a\u0430\u043a <strong data-start=\"634\" data-end=\"661\">\u0441\u043e\u0437\u0434\u0430\u043d\u0438\u0435 \u0441\u0442\u0440\u0430\u0442\u0435\u0433\u0438\u0447\u0435\u0441\u043a\u043e\u0439 \u0446\u0435\u043d\u043d\u043e\u0441\u0442\u0438<\/strong>; \u043c\u044b \u0432\u044b\u0441\u0442\u0440\u0430\u0438\u0432\u0430\u0435\u043c \u0441\u0442\u0440\u0443\u043a\u0442\u0443\u0440\u044b, \u043f\u043e\u0434\u0434\u0435\u0440\u0436\u0438\u0432\u0430\u044e\u0449\u0438\u0435 \u043e\u043f\u0435\u0440\u0430\u0446\u0438\u043e\u043d\u043d\u0443\u044e \u044d\u0444\u0444\u0435\u043a\u0442\u0438\u0432\u043d\u043e\u0441\u0442\u044c \u0438 \u0434\u043e\u043b\u0433\u043e\u0441\u0440\u043e\u0447\u043d\u044b\u0439 \u0443\u0441\u043f\u0435\u0445 \u043d\u0430\u0448\u0438\u0445 \u0434\u0435\u043b\u043e\u0432\u044b\u0445 \u043f\u0430\u0440\u0442\u043d\u0435\u0440\u043e\u0432.<\/p>\n<p data-start=\"781\" data-end=\"806\">\u0412 \u0441\u043e\u043e\u0442\u0432\u0435\u0442\u0441\u0442\u0432\u0438\u0438 \u0441 \u043d\u0430\u0448\u0435\u0439 \u043c\u0438\u0441\u0441\u0438\u0435\u0439:<\/p>\n\n<ul data-start=\"807\" data-end=\"1059\">\n \t<li data-start=\"807\" data-end=\"869\">\n<p data-start=\"809\" data-end=\"869\">\u041c\u044b \u0440\u0430\u0431\u043e\u0442\u0430\u0435\u043c \u0432 \u043f\u043e\u043b\u043d\u043e\u043c \u0441\u043e\u043e\u0442\u0432\u0435\u0442\u0441\u0442\u0432\u0438\u0438 \u0441 \u043c\u0435\u0436\u0434\u0443\u043d\u0430\u0440\u043e\u0434\u043d\u044b\u043c\u0438 \u0441\u0442\u0430\u043d\u0434\u0430\u0440\u0442\u0430\u043c\u0438 \u0438 \u0437\u0430\u043a\u043e\u043d\u043e\u0434\u0430\u0442\u0435\u043b\u044c\u0441\u0442\u0432\u043e\u043c<\/p>\n<\/li>\n \t<li data-start=\"870\" data-end=\"934\">\n<p data-start=\"872\" data-end=\"934\">\u041c\u044b \u043f\u0440\u0438\u0434\u0435\u0440\u0436\u0438\u0432\u0430\u0435\u043c\u0441\u044f \u043f\u0440\u043e\u0437\u0440\u0430\u0447\u043d\u044b\u0445, \u044d\u0442\u0438\u0447\u043d\u044b\u0445 \u0438 \u0443\u0441\u0442\u043e\u0439\u0447\u0438\u0432\u044b\u0445 \u043f\u0440\u0438\u043d\u0446\u0438\u043f\u043e\u0432 \u0432\u0435\u0434\u0435\u043d\u0438\u044f \u0442\u043e\u0440\u0433\u043e\u0432\u043b\u0438<\/p>\n<\/li>\n \t<li data-start=\"935\" data-end=\"994\">\n<p data-start=\"937\" data-end=\"994\">\u041c\u044b \u0441\u043e\u0432\u043c\u0435\u0449\u0430\u0435\u043c \u0442\u0435\u0445\u043d\u0438\u0447\u0435\u0441\u043a\u0443\u044e \u0442\u043e\u0447\u043d\u043e\u0441\u0442\u044c \u0441 \u043a\u043e\u043c\u043c\u0435\u0440\u0447\u0435\u0441\u043a\u043e\u0439 \u0434\u0438\u0441\u0446\u0438\u043f\u043b\u0438\u043d\u043e\u0439<\/p>\n<\/li>\n \t<li data-start=\"995\" data-end=\"1059\">\n<p data-start=\"997\" data-end=\"1059\">\u041c\u044b \u0432\u044b\u0441\u0442\u0440\u0430\u0438\u0432\u0430\u0435\u043c \u0434\u043e\u043b\u0433\u043e\u0441\u0440\u043e\u0447\u043d\u044b\u0435 \u043f\u0430\u0440\u0442\u043d\u0435\u0440\u0441\u0442\u0432\u0430 \u0438 \u0434\u043e\u0432\u0435\u0440\u0438\u0442\u0435\u043b\u044c\u043d\u044b\u0435 \u043e\u0442\u043d\u043e\u0448\u0435\u043d\u0438\u044f<\/p>\n<\/li>\n<\/ul>\n<p data-start=\"1061\" data-end=\"1227\">\u0412 \u043a\u0430\u0436\u0434\u043e\u043c \u043f\u0440\u043e\u0435\u043a\u0442\u0435 \u0438 \u043a\u043e\u043c\u043c\u0435\u0440\u0447\u0435\u0441\u043a\u043e\u0439 \u0434\u0435\u044f\u0442\u0435\u043b\u044c\u043d\u043e\u0441\u0442\u0438, \u0434\u0435\u0439\u0441\u0442\u0432\u0443\u044f \u0441 \u043e\u0441\u043e\u0437\u043d\u0430\u043d\u0438\u0435\u043c \u043e\u0442\u0432\u0435\u0442\u0441\u0442\u0432\u0435\u043d\u043d\u043e\u0441\u0442\u0438 \u0437\u0430 \u043a\u0430\u0447\u0435\u0441\u0442\u0432\u043e \u0438 \u043d\u0435\u043f\u0440\u0435\u0440\u044b\u0432\u043d\u043e\u0441\u0442\u044c, \u043c\u044b \u0441\u0442\u0440\u0435\u043c\u0438\u043c\u0441\u044f \u0441\u043e\u0437\u0434\u0430\u0432\u0430\u0442\u044c \u0434\u043b\u044f \u043d\u0430\u0448\u0438\u0445 \u0437\u0430\u0438\u043d\u0442\u0435\u0440\u0435\u0441\u043e\u0432\u0430\u043d\u043d\u044b\u0445 \u0441\u0442\u043e\u0440\u043e\u043d <strong data-start=\"1174\" data-end=\"1205\">\u043f\u043e\u0441\u0442\u043e\u044f\u043d\u043d\u0443\u044e \u0438 \u0438\u0437\u043c\u0435\u0440\u0438\u043c\u0443\u044e \u0446\u0435\u043d\u043d\u043e\u0441\u0442\u044c<\/strong>.<\/p>\n<p data-start=\"1061\" data-end=\"1227\"><img fetchpriority=\"high\" decoding=\"async\" class=\"aligncenter wp-image-1999 size-large\" src=\"https:\/\/barva.org\/en\/wp-content\/uploads\/2026\/01\/a039e762-b3fb-4854-a23f-5a01df80d044-1024x683.png\" alt=\"\u041e\u0442\u043a\u0440\u043e\u0439\u0442\u0435 \u0434\u043b\u044f \u0441\u0435\u0431\u044f \u043d\u0430\u0448\u0443 \u043c\u0438\u0441\u0441\u0438\u044e \u0438 \u0432\u0438\u0434\u0435\u043d\u0438\u0435, \u0441\u0444\u043e\u043a\u0443\u0441\u0438\u0440\u043e\u0432\u0430\u043d\u043d\u044b\u0435 \u043d\u0430 \u0443\u0441\u0442\u043e\u0439\u0447\u0438\u0432\u043e\u043c \u0440\u043e\u0441\u0442\u0435, \u043d\u0430\u0434\u0435\u0436\u043d\u043e\u043c \u043f\u0430\u0440\u0442\u043d\u0435\u0440\u0441\u0442\u0432\u0435 \u0438 \u0438\u043d\u0442\u0435\u0433\u0440\u0438\u0440\u043e\u0432\u0430\u043d\u043d\u044b\u0445 \u0440\u0435\u0448\u0435\u043d\u0438\u044f\u0445 \u0432 \u0441\u0444\u0435\u0440\u0430\u0445 \u044d\u043d\u0435\u0440\u0433\u0435\u0442\u0438\u043a\u0438, \u043f\u0440\u043e\u043c\u044b\u0448\u043b\u0435\u043d\u043d\u043e\u0441\u0442\u0438 \u0438 \u043c\u0435\u0436\u0434\u0443\u043d\u0430\u0440\u043e\u0434\u043d\u043e\u0439 \u0442\u043e\u0440\u0433\u043e\u0432\u043b\u0438.\" width=\"1024\" height=\"683\" srcset=\"https:\/\/barva.org\/en\/wp-content\/uploads\/2026\/01\/a039e762-b3fb-4854-a23f-5a01df80d044-1024x683.png 1024w, https:\/\/barva.org\/en\/wp-content\/uploads\/2026\/01\/a039e762-b3fb-4854-a23f-5a01df80d044-300x200.png 300w, https:\/\/barva.org\/en\/wp-content\/uploads\/2026\/01\/a039e762-b3fb-4854-a23f-5a01df80d044-768x512.png 768w, https:\/\/barva.org\/en\/wp-content\/uploads\/2026\/01\/a039e762-b3fb-4854-a23f-5a01df80d044.png 1536w\" sizes=\"(max-width: 1024px) 100vw, 1024px\" \/><\/p>\t\t\t\t\t\t\t\t<\/div>\n\t\t\t\t<div class=\"elementor-element elementor-element-03ecc1f elementor-widget elementor-widget-heading\" data-id=\"03ecc1f\" data-element_type=\"widget\" data-widget_type=\"heading.default\">\n\t\t\t\t\t<h2 class=\"elementor-heading-title elementor-size-default\">Vizyonumuz<\/h2>\t\t\t\t<\/div>\n\t\t\t\t<div class=\"elementor-element elementor-element-33728d5 elementor-widget elementor-widget-text-editor\" data-id=\"33728d5\" data-element_type=\"widget\" data-widget_type=\"text-editor.default\">\n\t\t\t\t\t\t\t\t\t<p data-start=\"1253\" data-end=\"1459\">Barva International Trade\u2019in vizyonu; k\u00fcresel pazarlarda enerji, end\u00fcstri ve ticaret alanlar\u0131nda <strong data-start=\"1350\" data-end=\"1390\">entegre \u00e7\u00f6z\u00fcm yakla\u015f\u0131m\u0131yla \u00f6ne \u00e7\u0131kan<\/strong>, g\u00fcvenilir ve referans g\u00f6sterilen bir uluslararas\u0131 marka olmakt\u0131r.<\/p><p data-start=\"1461\" data-end=\"1664\">De\u011fi\u015fen d\u00fcnya ekonomisi, enerji d\u00f6n\u00fc\u015f\u00fcm\u00fc ve teknolojik geli\u015fmeler do\u011frultusunda; faaliyet g\u00f6sterdi\u011fimiz sekt\u00f6rlerde <strong data-start=\"1577\" data-end=\"1605\">stratejik \u00f6ng\u00f6r\u00fcye sahip<\/strong>, \u00e7evik ve s\u00fcrd\u00fcr\u00fclebilir bir yap\u0131 in\u015fa etmeyi ama\u00e7lar\u0131z.<\/p><p data-start=\"1666\" data-end=\"1688\">Vizyonumuz kapsam\u0131nda:<\/p><ul data-start=\"1689\" data-end=\"1956\"><li data-start=\"1689\" data-end=\"1757\"><p data-start=\"1691\" data-end=\"1757\">\u00c7ok sekt\u00f6rl\u00fc uzmanl\u0131\u011f\u0131 tek merkezden y\u00f6neten bir yap\u0131 olu\u015fturmak<\/p><\/li><li data-start=\"1758\" data-end=\"1818\"><p data-start=\"1760\" data-end=\"1818\">Uluslararas\u0131 ticarette g\u00fcven ve istikrar\u0131n simgesi olmak<\/p><\/li><li data-start=\"1819\" data-end=\"1888\"><p data-start=\"1821\" data-end=\"1888\"><a href=\"https:\/\/barva.org\/en\/enerji-ve-guc-sistemleri\/\">Enerji ve end\u00fcstriyel<\/a> projelerde uzun vadeli \u00e7\u00f6z\u00fcmler geli\u015ftirmek<\/p><\/li><li data-start=\"1889\" data-end=\"1956\"><p data-start=\"1891\" data-end=\"1956\">Yat\u0131r\u0131m ve ticareti s\u00fcrd\u00fcr\u00fclebilir b\u00fcy\u00fcme oda\u011f\u0131nda birle\u015ftirmek<\/p><\/li><\/ul><p data-start=\"1958\" data-end=\"2140\">Barva International Trade, vizyonunu yaln\u0131zca bug\u00fcn\u00fcn ihtiya\u00e7lar\u0131na de\u011fil; <strong data-start=\"2033\" data-end=\"2108\">gelece\u011fin k\u00fcresel i\u015f d\u00fcnyas\u0131na uyum sa\u011flayan, de\u011fer \u00fcreten ve y\u00f6n veren<\/strong> bir perspektifle \u015fekillendirir.<\/p>\t\t\t\t\t\t\t\t<\/div>\n\t\t\t\t\t<\/div>\n\t\t\t\t<\/div>\n\t\t\t\t<\/div>\n\t\t","protected":false},"excerpt":{"rendered":"<p>\u041d\u0430\u0448\u0430 \u043c\u0438\u0441\u0441\u0438\u044f \u041c\u0438\u0441\u0441\u0438\u044f Barva International Trade \u2014 \u0441\u043e\u0437\u0434\u0430\u0432\u0430\u0442\u044c \u043d\u0430\u0434\u0435\u0436\u043d\u044b\u0435, \u0438\u043d\u0442\u0435\u0433\u0440\u0438\u0440\u043e\u0432\u0430\u043d\u043d\u044b\u0435 \u0438 \u0443\u0441\u0442\u043e\u0439\u0447\u0438\u0432\u044b\u0435 \u0440\u0435\u0448\u0435\u043d\u0438\u044f \u0432\u043e \u0432\u0441\u0435\u0445 \u043f\u0440\u043e\u0446\u0435\u0441\u0441\u0430\u0445 \u0441\u0432\u043e\u0435\u0439 \u0434\u0435\u044f\u0442\u0435\u043b\u044c\u043d\u043e\u0441\u0442\u0438 \u0432 \u0441\u0444\u0435\u0440\u0430\u0445 \u044d\u043d\u0435\u0440\u0433\u0435\u0442\u0438\u043a\u0438, \u0438\u043d\u0436\u0435\u043d\u0435\u0440\u0438\u0438, \u043f\u0440\u043e\u043c\u044b\u0448\u043b\u0435\u043d\u043d\u043e\u0441\u0442\u0438, \u043b\u043e\u0433\u0438\u0441\u0442\u0438\u043a\u0438, \u0438\u043d\u0432\u0435\u0441\u0442\u0438\u0446\u0438\u0439 \u0438 \u043c\u0435\u0436\u0434\u0443\u043d\u0430\u0440\u043e\u0434\u043d\u043e\u0439 \u0442\u043e\u0440\u0433\u043e\u0432\u043b\u0438. \u041c\u044b \u0440\u0430\u0441\u0441\u043c\u0430\u0442\u0440\u0438\u0432\u0430\u0435\u043c \u043a\u043e\u043c\u043c\u0435\u0440\u0447\u0435\u0441\u043a\u0443\u044e \u0434\u0435\u044f\u0442\u0435\u043b\u044c\u043d\u043e\u0441\u0442\u044c \u043d\u0435 \u043f\u0440\u043e\u0441\u0442\u043e \u043a\u0430\u043a \u043f\u0440\u0435\u0434\u043b\u043e\u0436\u0435\u043d\u0438\u0435 \u043f\u0440\u043e\u0434\u0443\u043a\u0442\u043e\u0432 \u0438 \u0443\u0441\u043b\u0443\u0433, \u0430 \u043a\u0430\u043a \u0441\u043e\u0437\u0434\u0430\u043d\u0438\u0435 \u0441\u0442\u0440\u0430\u0442\u0435\u0433\u0438\u0447\u0435\u0441\u043a\u043e\u0439 \u0446\u0435\u043d\u043d\u043e\u0441\u0442\u0438; \u043c\u044b \u0432\u044b\u0441\u0442\u0440\u0430\u0438\u0432\u0430\u0435\u043c \u0441\u0442\u0440\u0443\u043a\u0442\u0443\u0440\u044b, \u043f\u043e\u0434\u0434\u0435\u0440\u0436\u0438\u0432\u0430\u044e\u0449\u0438\u0435 \u043e\u043f\u0435\u0440\u0430\u0446\u0438\u043e\u043d\u043d\u0443\u044e \u044d\u0444\u0444\u0435\u043a\u0442\u0438\u0432\u043d\u043e\u0441\u0442\u044c \u0438 \u0434\u043e\u043b\u0433\u043e\u0441\u0440\u043e\u0447\u043d\u044b\u0439 \u0443\u0441\u043f\u0435\u0445 \u043d\u0430\u0448\u0438\u0445 \u0434\u0435\u043b\u043e\u0432\u044b\u0445 [&hellip;]<\/p>\n","protected":false},"author":1,"featured_media":1999,"parent":0,"menu_order":0,"comment_status":"closed","ping_status":"closed","template":"","meta":{"_uag_custom_page_level_css":"","site-sidebar-layout":"no-sidebar","site-content-layout":"page-builder","ast-site-content-layout":"full-width-container","site-content-style":"default","site-sidebar-style":"default","ast-global-header-display":"","ast-banner-title-visibility":"","ast-main-header-display":"","ast-hfb-above-header-display":"","ast-hfb-below-header-display":"","ast-hfb-mobile-header-display":"","site-post-title":"","ast-breadcrumbs-content":"","ast-featured-img":"disabled","footer-sml-layout":"","ast-disable-related-posts":"","theme-transparent-header-meta":"enabled","adv-header-id-meta":"","stick-header-meta":"","header-above-stick-meta":"","header-main-stick-meta":"","header-below-stick-meta":"","astra-migrate-meta-layouts":"set","ast-page-background-enabled":"default","ast-page-background-meta":{"desktop":{"background-color":"","background-image":"","background-repeat":"repeat","background-position":"center center","background-size":"auto","background-attachment":"scroll","background-type":"","background-media":"","overlay-type":"","overlay-color":"","overlay-opacity":"","overlay-gradient":""},"tablet":{"background-color":"","background-image":"","background-repeat":"repeat","background-position":"center center","background-size":"auto","background-attachment":"scroll","background-type":"","background-media":"","overlay-type":"","overlay-color":"","overlay-opacity":"","overlay-gradient":""},"mobile":{"background-color":"","background-image":"","background-repeat":"repeat","background-position":"center center","background-size":"auto","background-attachment":"scroll","background-type":"","background-media":"","overlay-type":"","overlay-color":"","overlay-opacity":"","overlay-gradient":""}},"ast-content-background-meta":{"desktop":{"background-color":"var(--ast-global-color-5)","background-image":"","background-repeat":"repeat","background-position":"center center","background-size":"auto","background-attachment":"scroll","background-type":"","background-media":"","overlay-type":"","overlay-color":"","overlay-opacity":"","overlay-gradient":""},"tablet":{"background-color":"var(--ast-global-color-5)","background-image":"","background-repeat":"repeat","background-position":"center center","background-size":"auto","background-attachment":"scroll","background-type":"","background-media":"","overlay-type":"","overlay-color":"","overlay-opacity":"","overlay-gradient":""},"mobile":{"background-color":"var(--ast-global-color-5)","background-image":"","background-repeat":"repeat","background-position":"center center","background-size":"auto","background-attachment":"scroll","background-type":"","background-media":"","overlay-type":"","overlay-color":"","overlay-opacity":"","overlay-gradient":""}},"footnotes":""},"class_list":["post-1992","page","type-page","status-publish","has-post-thumbnail","hentry"],"uagb_featured_image_src":{"full":["https:\/\/barva.org\/en\/wp-content\/uploads\/2026\/01\/a039e762-b3fb-4854-a23f-5a01df80d044.png",1536,1024,false],"thumbnail":["https:\/\/barva.org\/en\/wp-content\/uploads\/2026\/01\/a039e762-b3fb-4854-a23f-5a01df80d044-150x150.png",150,150,true],"medium":["https:\/\/barva.org\/en\/wp-content\/uploads\/2026\/01\/a039e762-b3fb-4854-a23f-5a01df80d044-300x200.png",300,200,true],"medium_large":["https:\/\/barva.org\/en\/wp-content\/uploads\/2026\/01\/a039e762-b3fb-4854-a23f-5a01df80d044-768x512.png",768,512,true],"large":["https:\/\/barva.org\/en\/wp-content\/uploads\/2026\/01\/a039e762-b3fb-4854-a23f-5a01df80d044-1024x683.png",1024,683,true],"1536x1536":["https:\/\/barva.org\/en\/wp-content\/uploads\/2026\/01\/a039e762-b3fb-4854-a23f-5a01df80d044.png",1536,1024,false],"2048x2048":["https:\/\/barva.org\/en\/wp-content\/uploads\/2026\/01\/a039e762-b3fb-4854-a23f-5a01df80d044.png",1536,1024,false]},"uagb_author_info":{"display_name":"Barva | Kurumsal","author_link":"https:\/\/barva.org\/en\/author\/admin_jr1j14d9\/"},"uagb_comment_info":0,"uagb_excerpt":"\u041d\u0430\u0448\u0430 \u043c\u0438\u0441\u0441\u0438\u044f \u041c\u0438\u0441\u0441\u0438\u044f Barva International Trade \u2014 \u0441\u043e\u0437\u0434\u0430\u0432\u0430\u0442\u044c \u043d\u0430\u0434\u0435\u0436\u043d\u044b\u0435, \u0438\u043d\u0442\u0435\u0433\u0440\u0438\u0440\u043e\u0432\u0430\u043d\u043d\u044b\u0435 \u0438 \u0443\u0441\u0442\u043e\u0439\u0447\u0438\u0432\u044b\u0435 \u0440\u0435\u0448\u0435\u043d\u0438\u044f \u0432\u043e \u0432\u0441\u0435\u0445 \u043f\u0440\u043e\u0446\u0435\u0441\u0441\u0430\u0445 \u0441\u0432\u043e\u0435\u0439 \u0434\u0435\u044f\u0442\u0435\u043b\u044c\u043d\u043e\u0441\u0442\u0438 \u0432 \u0441\u0444\u0435\u0440\u0430\u0445 \u044d\u043d\u0435\u0440\u0433\u0435\u0442\u0438\u043a\u0438, \u0438\u043d\u0436\u0435\u043d\u0435\u0440\u0438\u0438, \u043f\u0440\u043e\u043c\u044b\u0448\u043b\u0435\u043d\u043d\u043e\u0441\u0442\u0438, \u043b\u043e\u0433\u0438\u0441\u0442\u0438\u043a\u0438, \u0438\u043d\u0432\u0435\u0441\u0442\u0438\u0446\u0438\u0439 \u0438 \u043c\u0435\u0436\u0434\u0443\u043d\u0430\u0440\u043e\u0434\u043d\u043e\u0439 \u0442\u043e\u0440\u0433\u043e\u0432\u043b\u0438. \u041c\u044b \u0440\u0430\u0441\u0441\u043c\u0430\u0442\u0440\u0438\u0432\u0430\u0435\u043c \u043a\u043e\u043c\u043c\u0435\u0440\u0447\u0435\u0441\u043a\u0443\u044e \u0434\u0435\u044f\u0442\u0435\u043b\u044c\u043d\u043e\u0441\u0442\u044c \u043d\u0435 \u043f\u0440\u043e\u0441\u0442\u043e \u043a\u0430\u043a \u043f\u0440\u0435\u0434\u043b\u043e\u0436\u0435\u043d\u0438\u0435 \u043f\u0440\u043e\u0434\u0443\u043a\u0442\u043e\u0432 \u0438 \u0443\u0441\u043b\u0443\u0433, \u0430 \u043a\u0430\u043a \u0441\u043e\u0437\u0434\u0430\u043d\u0438\u0435 \u0441\u0442\u0440\u0430\u0442\u0435\u0433\u0438\u0447\u0435\u0441\u043a\u043e\u0439 \u0446\u0435\u043d\u043d\u043e\u0441\u0442\u0438; \u043c\u044b \u0432\u044b\u0441\u0442\u0440\u0430\u0438\u0432\u0430\u0435\u043c \u0441\u0442\u0440\u0443\u043a\u0442\u0443\u0440\u044b, \u043f\u043e\u0434\u0434\u0435\u0440\u0436\u0438\u0432\u0430\u044e\u0449\u0438\u0435 \u043e\u043f\u0435\u0440\u0430\u0446\u0438\u043e\u043d\u043d\u0443\u044e \u044d\u0444\u0444\u0435\u043a\u0442\u0438\u0432\u043d\u043e\u0441\u0442\u044c \u0438 \u0434\u043e\u043b\u0433\u043e\u0441\u0440\u043e\u0447\u043d\u044b\u0439 \u0443\u0441\u043f\u0435\u0445 \u043d\u0430\u0448\u0438\u0445 \u0434\u0435\u043b\u043e\u0432\u044b\u0445&hellip;","_links":{"self":[{"href":"https:\/\/barva.org\/en\/wp-json\/wp\/v2\/pages\/1992","targetHints":{"allow":["GET"]}}],"collection":[{"href":"https:\/\/barva.org\/en\/wp-json\/wp\/v2\/pages"}],"about":[{"href":"https:\/\/barva.org\/en\/wp-json\/wp\/v2\/types\/page"}],"author":[{"embeddable":true,"href":"https:\/\/barva.org\/en\/wp-json\/wp\/v2\/users\/1"}],"replies":[{"embeddable":true,"href":"https:\/\/barva.org\/en\/wp-json\/wp\/v2\/comments?post=1992"}],"version-history":[{"count":14,"href":"https:\/\/barva.org\/en\/wp-json\/wp\/v2\/pages\/1992\/revisions"}],"predecessor-version":[{"id":2436,"href":"https:\/\/barva.org\/en\/wp-json\/wp\/v2\/pages\/1992\/revisions\/2436"}],"wp:featuredmedia":[{"embeddable":true,"href":"https:\/\/barva.org\/en\/wp-json\/wp\/v2\/media\/1999"}],"wp:attachment":[{"href":"https:\/\/barva.org\/en\/wp-json\/wp\/v2\/media?parent=1992"}],"curies":[{"name":"wp","href":"https:\/\/api.w.org\/{rel}","templated":true}]}}